{"id":4325,"date":"2025-10-30T01:19:08","date_gmt":"2025-10-30T01:19:08","guid":{"rendered":"https:\/\/vilaangatu.com.br\/?post_type=product&#038;p=4325"},"modified":"2025-11-11T01:34:44","modified_gmt":"2025-11-11T01:34:44","slug":"apartamento-10","status":"publish","type":"product","link":"https:\/\/vilaangatu.com.br\/en\/product\/apartamento-10\/","title":{"rendered":"Apartamento 10"},"content":{"rendered":"<div class=\"flex-shrink-0 flex flex-col relative items-end\">\n<div>\n<div class=\"pt-0\">\n<div class=\"gizmo-bot-avatar flex h-8 w-8 items-center justify-center overflow-hidden rounded-full\">\n<h3 class=\"relative p-1 rounded-sm flex items-center justify-center bg-token-main-surface-primary text-token-text-primary h-8 w-8\"><strong>Apartamento de Temporada na Vila Angatu em Abaetetuba \u2013 Ideal para COP30<\/strong><\/h3>\n<\/div>\n<\/div>\n<\/div>\n<\/div>\n<div class=\"group\/conversation-turn relative flex w-full min-w-0 flex-col agent-turn\">\n<div class=\"flex-col gap-1 md:gap-3\">\n<div class=\"flex max-w-full flex-col flex-grow\">\n<div class=\"min-h-8 text-message flex w-full flex-col items-end gap-2 whitespace-normal break-words [.text-message+&amp;]:mt-5\" dir=\"auto\" data-message-author-role=\"assistant\" data-message-id=\"5ecb88da-4e46-4bd7-a3b7-02d860b01788\" data-message-model-slug=\"gpt-4o\">\n<div class=\"flex w-full flex-col gap-1 empty:hidden first:pt-[3px]\">\n<div class=\"markdown prose w-full break-words dark:prose-invert light\">\n<p>Stay comfortably and conveniently during your stay <strong>COP30<\/strong> in this cozy apartment <strong>Vila Angatu<\/strong> in <strong>Abaetetuba<\/strong>! With a structure designed to meet all your needs, the space offers a comfortable double bed, air conditioning to face the Amazon climate and a relaxing hammock for your moments of rest.<\/p>\n<p>The kitchen is fully equipped with a refrigerator, stove, microwave, air fryer and all the utensils \u2013 pots, pans, glasses, cutlery and plates \u2013 so you can prepare your meals with ease. In the dining area, a table for four people provides a pleasant environment for your meals.<\/p>\n<p>For those who need to balance work and travel, the apartment has a home office station equipped with a comfortable desk and chair, ensuring adequate space for your tasks. In addition, you will have access to the TV and Alexa, bringing convenience and entertainment within your reach.<\/p>\n<p>With a strategic location and all the comfort you deserve, the apartment <strong>Vila Angatu<\/strong> is the perfect retreat for those participating in the <strong>COP30<\/strong> e busca uma estadia funcional e acolhedora em <strong>Abaetetuba<\/strong>.<\/p>\n<\/div>\n<\/div>\n<\/div>\n<\/div>\n<\/div>\n<\/div>","protected":false},"excerpt":{"rendered":"<p>Com uma estrutura pensada para atender a todas as suas necessidades, o espa\u00e7o oferece uma cama de casal confort\u00e1vel, ar condicionado para enfrentar o clima amaz\u00f4nico e uma rede relaxante para seus momentos de descanso.<\/p>","protected":false},"featured_media":4126,"comment_status":"open","ping_status":"closed","template":"","meta":[],"product_cat":[15],"product_tag":[],"class_list":{"0":"post-4325","1":"product","2":"type-product","3":"status-publish","4":"has-post-thumbnail","6":"product_cat-uncategorized","8":"first","9":"instock","10":"shipping-taxable","11":"purchasable","12":"product-type-ovabrw_car_rental"},"_links":{"self":[{"href":"https:\/\/vilaangatu.com.br\/en\/wp-json\/wp\/v2\/product\/4325","targetHints":{"allow":["GET"]}}],"collection":[{"href":"https:\/\/vilaangatu.com.br\/en\/wp-json\/wp\/v2\/product"}],"about":[{"href":"https:\/\/vilaangatu.com.br\/en\/wp-json\/wp\/v2\/types\/product"}],"replies":[{"embeddable":true,"href":"https:\/\/vilaangatu.com.br\/en\/wp-json\/wp\/v2\/comments?post=4325"}],"wp:featuredmedia":[{"embeddable":true,"href":"https:\/\/vilaangatu.com.br\/en\/wp-json\/wp\/v2\/media\/4126"}],"wp:attachment":[{"href":"https:\/\/vilaangatu.com.br\/en\/wp-json\/wp\/v2\/media?parent=4325"}],"wp:term":[{"taxonomy":"product_cat","embeddable":true,"href":"https:\/\/vilaangatu.com.br\/en\/wp-json\/wp\/v2\/product_cat?post=4325"},{"taxonomy":"product_tag","embeddable":true,"href":"https:\/\/vilaangatu.com.br\/en\/wp-json\/wp\/v2\/product_tag?post=4325"}],"curies":[{"name":"wp","href":"https:\/\/api.w.org\/{rel}","templated":true}]}}